{"id":11816,"date":"2018-03-20T14:40:58","date_gmt":"2018-03-20T14:40:58","guid":{"rendered":"https:\/\/bmcarq.com\/about-us\/"},"modified":"2025-06-23T08:44:00","modified_gmt":"2025-06-23T08:44:00","slug":"about-us","status":"publish","type":"page","link":"https:\/\/bmcarq.pt\/en\/about-us\/","title":{"rendered":"About Us"},"content":{"rendered":"<p>[vc_row full_width=&#8221;stretch_row&#8221; equal_height=&#8221;yes&#8221; content_placement=&#8221;top&#8221; overlay_color=&#8221;rgba(0,0,0,0.5)&#8221; text_color=&#8221;#ffffff&#8221; css=&#8221;.vc_custom_1634135069476{margin-bottom: 15vh !important;padding-top: 15vh !important;padding-bottom: 15vh !important;background-image: url(http:\/\/bmcarq.com\/wp-content\/uploads\/2021\/10\/IMG_9669-scaled.jpg?id=9012) !important;background-position: center !important;background-repeat: no-repeat !important;background-size: cover !important;}&#8221;][vc_column width=&#8221;1\/6&#8243;][\/vc_column][vc_column width=&#8221;2\/3&#8243;]<div class=\"piwo-heading text-center  \" ><div class=\"heading-intro-text swiper-slide show-sep\"  data-aos=\"\" data-aos-delay=\"0\" ><\/div><h3 class=\"primary-heading\"  data-aos=\"\" data-aos-delay=\"50\">About Us<\/h3><div class=\"subheading\"  data-aos=\"\" data-aos-delay=\"100\"><\/div><\/div>[vc_empty_space height=&#8221;5vh&#8221;][vc_column_text]<\/p>\n<div class=\"\">\n<div class=\"WordSection1\">\n<div class=\"\"><span class=\"\">Founded in 2000 by architects Marta Couto Barros and Hugo Martins Camelo, <b class=\"\">BMC architects<\/b> focuses primarily on architecture and engineering. <\/span><\/div>\n<\/div>\n<\/div>\n<div class=\"\">\n<div class=\"WordSection1\">\n<p class=\"font8\"><span class=\"\">We are located in Porto, specifically in Matosinhos Sul, right next to the Casa da Arquitectura. <\/span><\/p>\n<p class=\"font8\"><span class=\"\">For us, there was no better place. In addition to being natives of this city, we appreciate the creative environment that thrives here. <\/span><\/p>\n<p class=\"font8\"><span class=\"\">Once a former canning industrial area, this is now home to the most innovative creative and tech companies, in a relaxed atmosphere influenced by the proximity to the sea.<\/span><\/p>\n<div class=\"\"><span class=\"\">Over time, the experience gathered throughout the years, along with a keen understanding of market needs, has led us to complement our architectural practice with interior and furniture design, as well as consultancy services, namely in building pathology analysis, technical support, and supervision of construction and rehabilitation projects.<\/span><\/div>\n<div class=\"\"><span class=\"\">\u200b<\/span><\/div>\n<\/div>\n<\/div>\n<div class=\"\">\n<div class=\"WordSection1\">\n<div class=\"\"><span class=\"\">We carry out our work with dedication and professionalism, fully aware that every project we create, every space we design, and every person we meet are essential contributions to our growth as professionals and as individuals.\u00a0<\/span><\/div>\n<\/div>\n<\/div>\n<p>[\/vc_column_text][\/vc_column][vc_column width=&#8221;1\/6&#8243;][\/vc_column][\/vc_row]<\/p>\n<p>[vc_row full_width=&#8221;stretch_row_content_no_spaces&#8221; equal_height=&#8221;yes&#8221; content_placement=&#8221;middle&#8221; parallax=&#8221;content-moving&#8221; parallax_image=&#8221;655&#8243;][vc_column width=&#8221;1\/2&#8243; overlay_color=&#8221;rgba(0,0,0,0.3)&#8221; overlay_color_hover=&#8221;rgba(0,0,0,0.01)&#8221; text_color=&#8221;#ffffff&#8221; css=&#8221;.vc_custom_1642585874091{padding-top: 120px !important;padding-bottom: 120px !important;background-image: url(http:\/\/bmcarq.com\/wp-content\/uploads\/2021\/10\/281291_1430564139799_5454423_n.jpg?id=9006) !important;background-position: center !important;background-repeat: no-repeat !important;background-size: cover !important;}&#8221; el_class=&#8221;overlay-1&#8243;][vc_row_inner][vc_column_inner width=&#8221;1\/4&#8243;][\/vc_column_inner][vc_column_inner el_class=&#8221;about-text-1&#8243; width=&#8221;1\/2&#8243; overlay_color=&#8221;rgba(15,15,15,0.01)&#8221; overlay_color_hover=&#8221;rgba(0,0,0,0.01)&#8221; aos_type=&#8221;fade&#8221;][vc_single_image image=&#8221;9006&#8243; img_size=&#8221;full&#8221;]<div class=\"piwo-heading   \" ><div class=\"heading-intro-text swiper-slide show-sep\"  data-aos=\"\" data-aos-delay=\"0\" style=\"color: #ffffff\">Architect<\/div><h3 class=\"primary-heading\" style=\"color: #ffffff\" data-aos=\"\" data-aos-delay=\"50\">Marta Couto Barros<\/h3><div class=\"subheading\" style=\"color: #ffffff\" data-aos=\"\" data-aos-delay=\"100\"><\/div><\/div>[vc_column_text css=&#8221;.vc_custom_1634218556060{margin-right: 10px !important;margin-bottom: 40px !important;margin-left: 10px !important;}&#8221;]<\/p>\n<div>\n<p>&nbsp;<\/p>\n<p class=\"p1\">1998 degree in architecture from FAULP<\/p>\n<p class=\"p1\">1997\u20132000 collaborated with architect C\u00e9lio Melo da Costa<\/p>\n<p class=\"p1\">2000 co-founder of BMC<\/p>\n<\/div>\n<p>[\/vc_column_text][\/vc_column_inner][vc_column_inner width=&#8221;1\/4&#8243;][\/vc_column_inner][\/vc_row_inner][\/vc_column]<\/p>\n<p>[vc_column width=&#8221;1\/2&#8243; overlay_color=&#8221;rgba(0,0,0,0.3)&#8221; overlay_color_hover=&#8221;rgba(0,0,0,0.01)&#8221; text_color=&#8221;#ffffff&#8221; el_class=&#8221;overlay-2&#8243; css=&#8221;.vc_custom_1642585881126{background-image: url(http:\/\/bmcarq.com\/wp-content\/uploads\/2021\/10\/DSC05294.jpg?id=9007) !important;background-position: center !important;background-repeat: no-repeat !important;background-size: cover !important;}&#8221;][vc_row_inner][vc_column_inner width=&#8221;1\/4&#8243;][\/vc_column_inner][vc_column_inner el_class=&#8221;about-text-2&#8243; width=&#8221;1\/2&#8243; overlay_color_hover=&#8221;rgba(15,15,15,0.01)&#8221; aos_type=&#8221;fade&#8221;][vc_single_image image=&#8221;9007&#8243; img_size=&#8221;full&#8221;]<div class=\"piwo-heading   \" ><div class=\"heading-intro-text swiper-slide show-sep\"  data-aos=\"\" data-aos-delay=\"0\" style=\"color: #ffffff\">Architect<\/div><h3 class=\"primary-heading\" style=\"color: #ffffff\" data-aos=\"\" data-aos-delay=\"50\">Hugo Martins Camelo<\/h3><div class=\"subheading\" style=\"color: #ffffff\" data-aos=\"\" data-aos-delay=\"100\"><\/div><\/div>[vc_column_text css=&#8221;.vc_custom_1634218563834{margin-right: 10px !important;margin-bottom: 40px !important;margin-left: 10px !important;}&#8221;]<\/p>\n<div>\n<p>&nbsp;<\/p>\n<p class=\"p1\">1998 degree in architecture from FAULP<\/p>\n<p class=\"p1\">1997\u20132000 collaborated with architect Vitor Seabra at MOFASE<\/p>\n<p class=\"p1\">2000 co-founder of BMC<\/p>\n<\/div>\n<p>[\/vc_column_text][\/vc_column_inner][vc_column_inner width=&#8221;1\/4&#8243;][\/vc_column_inner][\/vc_row_inner][\/vc_column][\/vc_row]<\/p>\n<p>[vc_row full_width=&#8221;stretch_row&#8221; overlay_color=&#8221;rgba(255,255,255,0.01)&#8221; css=&#8221;.vc_custom_1632304787062{padding-top: 120px !important;padding-bottom: 120px !important;background-color: #ffffff !important;}&#8221;][vc_column text_color=&#8221;#ffffff&#8221;]<div class=\"piwo-heading text-center  \" ><div class=\"heading-intro-text swiper-slide show-sep\"  data-aos=\"fade\" data-aos-delay=\"0\" style=\"color: #000000\"><\/div><h3 class=\"primary-heading\" style=\"color: #000000\" data-aos=\"fade\" data-aos-delay=\"50\">Our Team<\/h3><div class=\"subheading\" style=\"color: #000000\" data-aos=\"fade\" data-aos-delay=\"100\"><\/div><\/div>[vc_row_inner][vc_column_inner text_color=&#8221;#282828&#8243; css=&#8221;.vc_custom_1634212534419{margin-top: 5vh !important;padding-right: 15% !important;padding-left: 15% !important;}&#8221;][vc_column_text]<\/p>\n<div class=\"\">\n<div class=\"WordSection1\">\n<div class=\"\" style=\"text-align: left;\"><span class=\"\">Every project has a story, and every story has its characters. Meet the people who have brought our projects to life throughout our journey.<\/span><\/div>\n<\/div>\n<\/div>\n<div class=\"\">\n<div class=\"WordSection1\">\n<div class=\"\" style=\"text-align: left;\"><span class=\"\">Jo\u00e3o Couto Fernandes, Pedro Cardoso, Fernando Silva, Duarte Bessa, Filipe Borda D\u2019\u00c1gua, Jo\u00e3o \u00c1vila, Jo\u00e3o Pereira, Marta P\u00e1teo, Bruno Pereira, Jos\u00e9 Neves, Renan Marinho, Nuno Stretch, Elias da Silva, Pedro Guedes, Jo\u00e3o Gabriel Ferreira, &#8230;<\/span><\/div>\n<\/div>\n<\/div>\n<p>[\/vc_column_text][\/vc_column_inner][\/vc_row_inner][\/vc_column][\/vc_row]<\/p>\n<p>[vc_row full_width=&#8221;stretch_row&#8221; text_color=&#8221;#ffffff&#8221; css=&#8221;.vc_custom_1634222631422{padding-top: 40px !important;padding-bottom: 40px !important;background-color: #000000 !important;}&#8221;][vc_column]<div class=\"piwo-cta id_169e22fc92a5fd1505199131  vc_custom_1634218678218  animate-text piwo-cta-right\">\n\t\t\t\t<div class=\"piwo-cta-text text-left\" data-aos=\"\" data-aos-delay=\"0\">\n\t\t\t\t\t<h5>let's do something big<\/h5>\n\t\t\t\t\t\n\t\t\t\t<\/div>\n\t\t\t\t<div class=\"piwo-cta-btn text-right\" data-aos=\"\" data-aos-delay=\"100\"><a href=\"\/junta-te-a-nos\/\"  class=\"btn btn-md btn-light btn-outline btn-rounded\"  style=\"\" data-btn-text=\"Join us\">\n\t\t\t\t<span class=\"btn-text\" >Join us&ensp;&rarr;<\/span>\n\t\t\t\t<\/a><\/div>\n\t\t\t<\/div><div class=\"custom-styles\" data-styles=\".id_169e22fc92a5fd1505199131 .btn.btn-solid.custom:after { background-color: ; } .id_169e22fc92a5fd1505199131 .btn.custom.btn-underline:hover .btn-text:after { border-color:  ; }\"><\/div>[\/vc_column][\/vc_row]<\/p>\n","protected":false},"excerpt":{"rendered":"<p>[vc_row full_width=&#8221;stretch_row&#8221; equal_height=&#8221;yes&#8221; content_placement=&#8221;top&#8221; overlay_color=&#8221;rgba(0,0,0,0.5)&#8221; text_color=&#8221;#ffffff&#8221; css=&#8221;.vc_custom_1634135069476{margin-bottom: 15vh !important;padding-top: 15vh !important;padding-bottom: 15vh !important;background-image: url(http:\/\/bmcarq.com\/wp-content\/uploads\/2021\/10\/IMG_9669-scaled.jpg?id=9012) !important;background-position: center !important;background-repeat: no-repeat !important;background-size: cover !important;}&#8221;][vc_column width=&#8221;1\/6&#8243;][\/vc_column][vc_column width=&#8221;2\/3&#8243;][vc_empty_space height=&#8221;5vh&#8221;][vc_column_text] Founded in 2000 by architects Marta [&hellip;]<\/p>\n","protected":false},"author":1,"featured_media":10828,"parent":0,"menu_order":0,"comment_status":"closed","ping_status":"closed","template":"","meta":{"footnotes":""},"class_list":["post-11816","page","type-page","status-publish","has-post-thumbnail","hentry"],"_links":{"self":[{"href":"https:\/\/bmcarq.pt\/en\/wp-json\/wp\/v2\/pages\/11816","targetHints":{"allow":["GET"]}}],"collection":[{"href":"https:\/\/bmcarq.pt\/en\/wp-json\/wp\/v2\/pages"}],"about":[{"href":"https:\/\/bmcarq.pt\/en\/wp-json\/wp\/v2\/types\/page"}],"author":[{"embeddable":true,"href":"https:\/\/bmcarq.pt\/en\/wp-json\/wp\/v2\/users\/1"}],"replies":[{"embeddable":true,"href":"https:\/\/bmcarq.pt\/en\/wp-json\/wp\/v2\/comments?post=11816"}],"version-history":[{"count":18,"href":"https:\/\/bmcarq.pt\/en\/wp-json\/wp\/v2\/pages\/11816\/revisions"}],"predecessor-version":[{"id":11915,"href":"https:\/\/bmcarq.pt\/en\/wp-json\/wp\/v2\/pages\/11816\/revisions\/11915"}],"wp:featuredmedia":[{"embeddable":true,"href":"https:\/\/bmcarq.pt\/en\/wp-json\/wp\/v2\/media\/10828"}],"wp:attachment":[{"href":"https:\/\/bmcarq.pt\/en\/wp-json\/wp\/v2\/media?parent=11816"}],"curies":[{"name":"wp","href":"https:\/\/api.w.org\/{rel}","templated":true}]}}